{"id":13,"date":"2026-01-21T12:06:20","date_gmt":"2026-01-21T12:06:20","guid":{"rendered":"https:\/\/esanabogados.rkinformatika.online\/?page_id=13"},"modified":"2026-01-22T08:44:18","modified_gmt":"2026-01-22T08:44:18","slug":"servicios","status":"publish","type":"page","link":"https:\/\/esanabogados.es\/en\/servicios\/","title":{"rendered":"Zerbitzuak"},"content":{"rendered":"<div data-elementor-type=\"wp-page\" data-elementor-id=\"13\" class=\"elementor elementor-13\" data-elementor-post-type=\"page\">\n\t\t\t\t<div class=\"elementor-element elementor-element-b98b1f3 e-flex e-con-boxed e-con e-parent\" data-id=\"b98b1f3\" data-element_type=\"container\" data-e-type=\"container\" data-settings=\"{&quot;background_background&quot;:&quot;classic&quot;}\">\n\t\t\t\t\t<div class=\"e-con-inner\">\n\t\t\t\t<div class=\"elementor-element elementor-element-8ff693d elementor-invisible elementor-widget elementor-widget-heading\" data-id=\"8ff693d\" data-element_type=\"widget\" data-e-type=\"widget\" data-settings=\"{&quot;_animation&quot;:&quot;fadeInLeft&quot;}\" data-widget_type=\"heading.default\">\n\t\t\t\t\t<h2 class=\"elementor-heading-title elementor-size-default\">Rigor jur\u00eddico y trato personal<\/h2>\t\t\t\t<\/div>\n\t\t\t\t<div class=\"elementor-element elementor-element-2a04503 elementor-invisible elementor-widget elementor-widget-text-editor\" data-id=\"2a04503\" data-element_type=\"widget\" data-e-type=\"widget\" data-settings=\"{&quot;_animation&quot;:&quot;fadeInUp&quot;}\" data-widget_type=\"text-editor.default\">\n\t\t\t\t\t\t\t\t\t<p>Defensa penal seria, cercana y eficaz<\/p>\t\t\t\t\t\t\t\t<\/div>\n\t\t\t\t<div class=\"elementor-element elementor-element-42c5022 elementor-widget elementor-widget-button\" data-id=\"42c5022\" data-element_type=\"widget\" data-e-type=\"widget\" data-widget_type=\"button.default\">\n\t\t\t\t\t\t\t\t\t\t<a class=\"elementor-button elementor-button-link elementor-size-sm\" href=\"tel:%20609%2005%2001%2061\">\n\t\t\t\t\t\t<span class=\"elementor-button-content-wrapper\">\n\t\t\t\t\t\t\t\t\t<span class=\"elementor-button-text\">24H EMERGENCY<\/span>\n\t\t\t\t\t<\/span>\n\t\t\t\t\t<\/a>\n\t\t\t\t\t\t\t\t<\/div>\n\t\t\t\t\t<\/div>\n\t\t\t\t<\/div>\n\t\t<div class=\"elementor-element elementor-element-1f16e47 e-flex e-con-boxed e-con e-parent\" data-id=\"1f16e47\" data-element_type=\"container\" data-e-type=\"container\" data-settings=\"{&quot;background_background&quot;:&quot;classic&quot;}\">\n\t\t\t\t\t<div class=\"e-con-inner\">\n\t\t<div class=\"elementor-element elementor-element-d6646c4 e-con-full e-flex e-con e-child\" data-id=\"d6646c4\" data-element_type=\"container\" data-e-type=\"container\" data-settings=\"{&quot;background_background&quot;:&quot;classic&quot;}\">\n\t\t\t\t<div class=\"elementor-element elementor-element-a3018ed elementor-widget elementor-widget-heading\" data-id=\"a3018ed\" data-element_type=\"widget\" data-e-type=\"widget\" data-widget_type=\"heading.default\">\n\t\t\t\t\t<h2 class=\"elementor-heading-title elementor-size-default\">Jurisdicci\u00f3n de Menores<\/h2>\t\t\t\t<\/div>\n\t\t\t\t<div class=\"elementor-element elementor-element-e717a32 elementor-widget elementor-widget-text-editor\" data-id=\"e717a32\" data-element_type=\"widget\" data-e-type=\"widget\" data-widget_type=\"text-editor.default\">\n\t\t\t\t\t\t\t\t\t<p data-start=\"403\" data-end=\"549\">Especialistas en la defensa de los menores ante los Juzgados y Fiscal\u00edas.<\/p>\t\t\t\t\t\t\t\t<\/div>\n\t\t\t\t<\/div>\n\t\t<div class=\"elementor-element elementor-element-685ed25 e-con-full e-flex e-con e-child\" data-id=\"685ed25\" data-element_type=\"container\" data-e-type=\"container\" data-settings=\"{&quot;background_background&quot;:&quot;classic&quot;}\">\n\t\t\t\t<div class=\"elementor-element elementor-element-cc4afa8 elementor-widget elementor-widget-heading\" data-id=\"cc4afa8\" data-element_type=\"widget\" data-e-type=\"widget\" data-widget_type=\"heading.default\">\n\t\t\t\t\t<h2 class=\"elementor-heading-title elementor-size-default\">Derecho Penitenciario<\/h2>\t\t\t\t<\/div>\n\t\t\t\t<div class=\"elementor-element elementor-element-67c2cd8 elementor-widget elementor-widget-text-editor\" data-id=\"67c2cd8\" data-element_type=\"widget\" data-e-type=\"widget\" data-widget_type=\"text-editor.default\">\n\t\t\t\t\t\t\t\t\t<p data-start=\"582\" data-end=\"726\">Visita a todos los Centros Penitenciarios, redacci\u00f3n y formalizaci\u00f3n de Recursos Penitenciarios, Permisos, Grados, Sanciones, Ejecuciones de Sentencia e Indultos.<\/p>\t\t\t\t\t\t\t\t<\/div>\n\t\t\t\t<\/div>\n\t\t<div class=\"elementor-element elementor-element-a956f63 e-con-full e-flex e-con e-child\" data-id=\"a956f63\" data-element_type=\"container\" data-e-type=\"container\" data-settings=\"{&quot;background_background&quot;:&quot;classic&quot;}\">\n\t\t\t\t<div class=\"elementor-element elementor-element-525787d elementor-widget elementor-widget-heading\" data-id=\"525787d\" data-element_type=\"widget\" data-e-type=\"widget\" data-widget_type=\"heading.default\">\n\t\t\t\t\t<h2 class=\"elementor-heading-title elementor-size-default\">Accidentes de Tr\u00e1fico<\/h2>\t\t\t\t<\/div>\n\t\t\t\t<div class=\"elementor-element elementor-element-9fb6d2c elementor-widget elementor-widget-text-editor\" data-id=\"9fb6d2c\" data-element_type=\"widget\" data-e-type=\"widget\" data-widget_type=\"text-editor.default\">\n\t\t\t\t\t\t\t\t\t<p data-start=\"582\" data-end=\"726\">Reclamaci\u00f3n Judicial y Extrajudicial de las indemnizaciones derivadas de las lesiones y da\u00f1os sufridos por los perjudicados.<\/p>\t\t\t\t\t\t\t\t<\/div>\n\t\t\t\t<\/div>\n\t\t\t\t\t<\/div>\n\t\t\t\t<\/div>\n\t\t<div class=\"elementor-element elementor-element-2e325de e-flex e-con-boxed e-con e-parent\" data-id=\"2e325de\" data-element_type=\"container\" data-e-type=\"container\" data-settings=\"{&quot;background_background&quot;:&quot;classic&quot;}\">\n\t\t\t\t\t<div class=\"e-con-inner\">\n\t\t<div class=\"elementor-element elementor-element-a30b7ba e-con-full e-flex e-con e-child\" data-id=\"a30b7ba\" data-element_type=\"container\" data-e-type=\"container\" data-settings=\"{&quot;background_background&quot;:&quot;classic&quot;}\">\n\t\t\t\t<div class=\"elementor-element elementor-element-6cd3fdc elementor-widget elementor-widget-heading\" data-id=\"6cd3fdc\" data-element_type=\"widget\" data-e-type=\"widget\" data-widget_type=\"heading.default\">\n\t\t\t\t\t<h2 class=\"elementor-heading-title elementor-size-default\">Defensa Penal<\/h2>\t\t\t\t<\/div>\n\t\t\t\t<div class=\"elementor-element elementor-element-2cd1efc elementor-widget elementor-widget-text-editor\" data-id=\"2cd1efc\" data-element_type=\"widget\" data-e-type=\"widget\" data-widget_type=\"text-editor.default\">\n\t\t\t\t\t\t\t\t\t<p data-start=\"403\" data-end=\"549\">Estafa, Apropiaci\u00f3n Indebida, Homicidio, Lesiones, Violencia de G\u00e9nero, Amenazas, Atentado, Salud P\u00fablica, Seguridad de los Trabajadores, Alcoholemias, delitos contra la seguridad del Tr\u00e1fico, Hurtos y Robos.<\/p>\t\t\t\t\t\t\t\t<\/div>\n\t\t\t\t<\/div>\n\t\t<div class=\"elementor-element elementor-element-f469df6 e-con-full e-flex e-con e-child\" data-id=\"f469df6\" data-element_type=\"container\" data-e-type=\"container\" data-settings=\"{&quot;background_background&quot;:&quot;classic&quot;}\">\n\t\t\t\t<div class=\"elementor-element elementor-element-2c7db7e elementor-widget elementor-widget-heading\" data-id=\"2c7db7e\" data-element_type=\"widget\" data-e-type=\"widget\" data-widget_type=\"heading.default\">\n\t\t\t\t\t<h2 class=\"elementor-heading-title elementor-size-default\">Accidentes Laborales<\/h2>\t\t\t\t<\/div>\n\t\t\t\t<div class=\"elementor-element elementor-element-ce2bd42 elementor-widget elementor-widget-text-editor\" data-id=\"ce2bd42\" data-element_type=\"widget\" data-e-type=\"widget\" data-widget_type=\"text-editor.default\">\n\t\t\t\t\t\t\t\t\t<p data-start=\"582\" data-end=\"726\">Reclamaci\u00f3n en la Jurisdicci\u00f3n Penal y Laboral de los derechos de los trabajadores y reclamaci\u00f3n de las m\u00e1ximas indemnizaciones.<\/p>\t\t\t\t\t\t\t\t<\/div>\n\t\t\t\t<\/div>\n\t\t<div class=\"elementor-element elementor-element-a5f5e48 e-con-full e-flex e-con e-child\" data-id=\"a5f5e48\" data-element_type=\"container\" data-e-type=\"container\" data-settings=\"{&quot;background_background&quot;:&quot;classic&quot;}\">\n\t\t\t\t<div class=\"elementor-element elementor-element-467e065 elementor-widget elementor-widget-heading\" data-id=\"467e065\" data-element_type=\"widget\" data-e-type=\"widget\" data-widget_type=\"heading.default\">\n\t\t\t\t\t<h2 class=\"elementor-heading-title elementor-size-default\">Urgencias 24h<\/h2>\t\t\t\t<\/div>\n\t\t\t\t<div class=\"elementor-element elementor-element-ba31e6b elementor-widget elementor-widget-text-editor\" data-id=\"ba31e6b\" data-element_type=\"widget\" data-e-type=\"widget\" data-widget_type=\"text-editor.default\">\n\t\t\t\t\t\t\t\t\t<p data-start=\"582\" data-end=\"726\">Asistencia letrada al detenido 365 d\u00edas al a\u00f1o en todo el territorio nacional. Contacto urgencias 609050161 &#8211; 647669367<\/p>\t\t\t\t\t\t\t\t<\/div>\n\t\t\t\t<\/div>\n\t\t\t\t\t<\/div>\n\t\t\t\t<\/div>\n\t\t<div class=\"elementor-element elementor-element-74a69b5 e-con-full e-flex e-con e-parent\" data-id=\"74a69b5\" data-element_type=\"container\" data-e-type=\"container\" data-settings=\"{&quot;background_background&quot;:&quot;classic&quot;}\">\n\t\t\t\t<div class=\"elementor-element elementor-element-9d503f5 elementor-cta--skin-cover elementor-widget__width-inherit elementor-animated-content elementor-bg-transform elementor-bg-transform-zoom-in elementor-widget elementor-widget-call-to-action\" data-id=\"9d503f5\" data-element_type=\"widget\" data-e-type=\"widget\" data-widget_type=\"call-to-action.default\">\n\t\t\t\t\t\t\t<div class=\"elementor-cta\">\n\t\t\t\t\t<div class=\"elementor-cta__bg-wrapper\">\n\t\t\t\t<div class=\"elementor-cta__bg elementor-bg\" style=\"background-image: url(https:\/\/esanabogados.es\/wp-content\/uploads\/2026\/01\/10700168-1024x276.jpg);\" role=\"img\" aria-label=\"10700168\"><\/div>\n\t\t\t\t<div class=\"elementor-cta__bg-overlay\"><\/div>\n\t\t\t<\/div>\n\t\t\t\t\t\t\t<div class=\"elementor-cta__content\">\n\t\t\t\t\n\t\t\t\t\t\t\t\t\t<h2 class=\"elementor-cta__title elementor-cta__content-item elementor-content-item elementor-animated-item--grow\">\n\t\t\t\t\t\tTu defensa, nuestra prioridad\t\t\t\t\t<\/h2>\n\t\t\t\t\n\t\t\t\t\t\t\t\t\t<div class=\"elementor-cta__description elementor-cta__content-item elementor-content-item elementor-animated-item--grow\">\n\t\t\t\t\t\tContacta con nosotros y recibe asesoramiento penal inmediato.\n\t\t\t\t\t<\/div>\n\t\t\t\t\n\t\t\t\t\t\t\t\t\t<div class=\"elementor-cta__button-wrapper elementor-cta__content-item elementor-content-item elementor-animated-item--grow\">\n\t\t\t\t\t<a class=\"elementor-cta__button elementor-button elementor-size-\" href=\"https:\/\/esanabogados.es\/en\/contacto\/\">\n\t\t\t\t\t\tCONTACTO\t\t\t\t\t<\/a>\n\t\t\t\t\t<\/div>\n\t\t\t\t\t\t\t<\/div>\n\t\t\t\t\t\t<\/div>\n\t\t\t\t\t\t<\/div>\n\t\t\t\t<\/div>\n\t\t\t\t<\/div>","protected":false},"excerpt":{"rendered":"<p>Rigor jur\u00eddico y trato personal Defensa penal seria, cercana y eficaz URGENCIAS 24H Jurisdicci\u00f3n de Menores Especialistas en la defensa de los menores ante los Juzgados y Fiscal\u00edas. Derecho Penitenciario Visita a todos los Centros Penitenciarios, redacci\u00f3n y formalizaci\u00f3n de Recursos Penitenciarios, Permisos, Grados, Sanciones, Ejecuciones de Sentencia e Indultos. Accidentes de Tr\u00e1fico Reclamaci\u00f3n Judicial [&hellip;]<\/p>\n","protected":false},"author":1,"featured_media":0,"parent":0,"menu_order":0,"comment_status":"closed","ping_status":"closed","template":"elementor_canvas","meta":{"footnotes":""},"class_list":["post-13","page","type-page","status-publish","hentry"],"yoast_head":"<!-- This site is optimized with the Yoast SEO plugin v27.3 - https:\/\/yoast.com\/product\/yoast-seo-wordpress\/ -->\n<title>Servicios - Esan Abogados<\/title>\n<meta name=\"robots\" content=\"index, follow, max-snippet:-1, max-image-preview:large, max-video-preview:-1\" \/>\n<link rel=\"canonical\" href=\"https:\/\/esanabogados.es\/en\/servicios\/\" \/>\n<meta property=\"og:locale\" content=\"en_GB\" \/>\n<meta property=\"og:type\" content=\"article\" \/>\n<meta property=\"og:title\" content=\"Servicios - Esan Abogados\" \/>\n<meta property=\"og:description\" content=\"Rigor jur\u00eddico y trato personal Defensa penal seria, cercana y eficaz URGENCIAS 24H Jurisdicci\u00f3n de Menores Especialistas en la defensa de los menores ante los Juzgados y Fiscal\u00edas. Derecho Penitenciario Visita a todos los Centros Penitenciarios, redacci\u00f3n y formalizaci\u00f3n de Recursos Penitenciarios, Permisos, Grados, Sanciones, Ejecuciones de Sentencia e Indultos. Accidentes de Tr\u00e1fico Reclamaci\u00f3n Judicial [&hellip;]\" \/>\n<meta property=\"og:url\" content=\"https:\/\/esanabogados.es\/en\/servicios\/\" \/>\n<meta property=\"og:site_name\" content=\"Esan Abogados\" \/>\n<meta property=\"article:modified_time\" content=\"2026-01-22T08:44:18+00:00\" \/>\n<meta name=\"twitter:card\" content=\"summary_large_image\" \/>\n<meta name=\"twitter:label1\" content=\"Estimated reading time\" \/>\n\t<meta name=\"twitter:data1\" content=\"1 minute\" \/>\n<script type=\"application\/ld+json\" class=\"yoast-schema-graph\">{\"@context\":\"https:\\\/\\\/schema.org\",\"@graph\":[{\"@type\":\"WebPage\",\"@id\":\"https:\\\/\\\/esanabogados.es\\\/servicios\\\/\",\"url\":\"https:\\\/\\\/esanabogados.es\\\/servicios\\\/\",\"name\":\"Servicios - Esan Abogados\",\"isPartOf\":{\"@id\":\"https:\\\/\\\/esanabogados.es\\\/#website\"},\"datePublished\":\"2026-01-21T12:06:20+00:00\",\"dateModified\":\"2026-01-22T08:44:18+00:00\",\"breadcrumb\":{\"@id\":\"https:\\\/\\\/esanabogados.es\\\/servicios\\\/#breadcrumb\"},\"inLanguage\":\"en-GB\",\"potentialAction\":[{\"@type\":\"ReadAction\",\"target\":[\"https:\\\/\\\/esanabogados.es\\\/servicios\\\/\"]}]},{\"@type\":\"BreadcrumbList\",\"@id\":\"https:\\\/\\\/esanabogados.es\\\/servicios\\\/#breadcrumb\",\"itemListElement\":[{\"@type\":\"ListItem\",\"position\":1,\"name\":\"Portada\",\"item\":\"https:\\\/\\\/esanabogados.es\\\/\"},{\"@type\":\"ListItem\",\"position\":2,\"name\":\"Servicios\"}]},{\"@type\":\"WebSite\",\"@id\":\"https:\\\/\\\/esanabogados.es\\\/#website\",\"url\":\"https:\\\/\\\/esanabogados.es\\\/\",\"name\":\"Esan Abogados\",\"description\":\"Despacho de Abogados\",\"publisher\":{\"@id\":\"https:\\\/\\\/esanabogados.es\\\/#organization\"},\"potentialAction\":[{\"@type\":\"SearchAction\",\"target\":{\"@type\":\"EntryPoint\",\"urlTemplate\":\"https:\\\/\\\/esanabogados.es\\\/?s={search_term_string}\"},\"query-input\":{\"@type\":\"PropertyValueSpecification\",\"valueRequired\":true,\"valueName\":\"search_term_string\"}}],\"inLanguage\":\"en-GB\"},{\"@type\":\"Organization\",\"@id\":\"https:\\\/\\\/esanabogados.es\\\/#organization\",\"name\":\"Esan Abogados\",\"url\":\"https:\\\/\\\/esanabogados.es\\\/\",\"logo\":{\"@type\":\"ImageObject\",\"inLanguage\":\"en-GB\",\"@id\":\"https:\\\/\\\/esanabogados.es\\\/#\\\/schema\\\/logo\\\/image\\\/\",\"url\":\"https:\\\/\\\/esanabogados.es\\\/wp-content\\\/uploads\\\/2026\\\/01\\\/cropped-laparadazunilda.png\",\"contentUrl\":\"https:\\\/\\\/esanabogados.es\\\/wp-content\\\/uploads\\\/2026\\\/01\\\/cropped-laparadazunilda.png\",\"width\":576,\"height\":228,\"caption\":\"Esan Abogados\"},\"image\":{\"@id\":\"https:\\\/\\\/esanabogados.es\\\/#\\\/schema\\\/logo\\\/image\\\/\"}}]}<\/script>\n<!-- \/ Yoast SEO plugin. -->","yoast_head_json":{"title":"Servicios - Esan Abogados","robots":{"index":"index","follow":"follow","max-snippet":"max-snippet:-1","max-image-preview":"max-image-preview:large","max-video-preview":"max-video-preview:-1"},"canonical":"https:\/\/esanabogados.es\/en\/servicios\/","og_locale":"en_GB","og_type":"article","og_title":"Servicios - Esan Abogados","og_description":"Rigor jur\u00eddico y trato personal Defensa penal seria, cercana y eficaz URGENCIAS 24H Jurisdicci\u00f3n de Menores Especialistas en la defensa de los menores ante los Juzgados y Fiscal\u00edas. Derecho Penitenciario Visita a todos los Centros Penitenciarios, redacci\u00f3n y formalizaci\u00f3n de Recursos Penitenciarios, Permisos, Grados, Sanciones, Ejecuciones de Sentencia e Indultos. Accidentes de Tr\u00e1fico Reclamaci\u00f3n Judicial [&hellip;]","og_url":"https:\/\/esanabogados.es\/en\/servicios\/","og_site_name":"Esan Abogados","article_modified_time":"2026-01-22T08:44:18+00:00","twitter_card":"summary_large_image","twitter_misc":{"Estimated reading time":"1 minute"},"schema":{"@context":"https:\/\/schema.org","@graph":[{"@type":"WebPage","@id":"https:\/\/esanabogados.es\/servicios\/","url":"https:\/\/esanabogados.es\/servicios\/","name":"Servicios - Esan Abogados","isPartOf":{"@id":"https:\/\/esanabogados.es\/#website"},"datePublished":"2026-01-21T12:06:20+00:00","dateModified":"2026-01-22T08:44:18+00:00","breadcrumb":{"@id":"https:\/\/esanabogados.es\/servicios\/#breadcrumb"},"inLanguage":"en-GB","potentialAction":[{"@type":"ReadAction","target":["https:\/\/esanabogados.es\/servicios\/"]}]},{"@type":"BreadcrumbList","@id":"https:\/\/esanabogados.es\/servicios\/#breadcrumb","itemListElement":[{"@type":"ListItem","position":1,"name":"Portada","item":"https:\/\/esanabogados.es\/"},{"@type":"ListItem","position":2,"name":"Servicios"}]},{"@type":"WebSite","@id":"https:\/\/esanabogados.es\/#website","url":"https:\/\/esanabogados.es\/","name":"Esan Abogados","description":"Despacho de Abogados","publisher":{"@id":"https:\/\/esanabogados.es\/#organization"},"potentialAction":[{"@type":"SearchAction","target":{"@type":"EntryPoint","urlTemplate":"https:\/\/esanabogados.es\/?s={search_term_string}"},"query-input":{"@type":"PropertyValueSpecification","valueRequired":true,"valueName":"search_term_string"}}],"inLanguage":"en-GB"},{"@type":"Organization","@id":"https:\/\/esanabogados.es\/#organization","name":"Esan Abogados","url":"https:\/\/esanabogados.es\/","logo":{"@type":"ImageObject","inLanguage":"en-GB","@id":"https:\/\/esanabogados.es\/#\/schema\/logo\/image\/","url":"https:\/\/esanabogados.es\/wp-content\/uploads\/2026\/01\/cropped-laparadazunilda.png","contentUrl":"https:\/\/esanabogados.es\/wp-content\/uploads\/2026\/01\/cropped-laparadazunilda.png","width":576,"height":228,"caption":"Esan Abogados"},"image":{"@id":"https:\/\/esanabogados.es\/#\/schema\/logo\/image\/"}}]}},"_links":{"self":[{"href":"https:\/\/esanabogados.es\/en\/wp-json\/wp\/v2\/pages\/13","targetHints":{"allow":["GET"]}}],"collection":[{"href":"https:\/\/esanabogados.es\/en\/wp-json\/wp\/v2\/pages"}],"about":[{"href":"https:\/\/esanabogados.es\/en\/wp-json\/wp\/v2\/types\/page"}],"author":[{"embeddable":true,"href":"https:\/\/esanabogados.es\/en\/wp-json\/wp\/v2\/users\/1"}],"replies":[{"embeddable":true,"href":"https:\/\/esanabogados.es\/en\/wp-json\/wp\/v2\/comments?post=13"}],"version-history":[{"count":40,"href":"https:\/\/esanabogados.es\/en\/wp-json\/wp\/v2\/pages\/13\/revisions"}],"predecessor-version":[{"id":227,"href":"https:\/\/esanabogados.es\/en\/wp-json\/wp\/v2\/pages\/13\/revisions\/227"}],"wp:attachment":[{"href":"https:\/\/esanabogados.es\/en\/wp-json\/wp\/v2\/media?parent=13"}],"curies":[{"name":"wp","href":"https:\/\/api.w.org\/{rel}","templated":true}]}}