{"id":10,"date":"2026-01-21T12:04:40","date_gmt":"2026-01-21T12:04:40","guid":{"rendered":"https:\/\/esanabogados.rkinformatika.online\/?page_id=10"},"modified":"2026-01-22T08:43:30","modified_gmt":"2026-01-22T08:43:30","slug":"inicio","status":"publish","type":"page","link":"https:\/\/esanabogados.es\/en\/","title":{"rendered":"Hasiera"},"content":{"rendered":"<div data-elementor-type=\"wp-page\" data-elementor-id=\"10\" class=\"elementor elementor-10\" data-elementor-post-type=\"page\">\n\t\t\t\t<div class=\"elementor-element elementor-element-453e7dd e-flex e-con-boxed e-con e-parent\" data-id=\"453e7dd\" data-element_type=\"container\" data-e-type=\"container\" data-settings=\"{&quot;background_background&quot;:&quot;classic&quot;}\">\n\t\t\t\t\t<div class=\"e-con-inner\">\n\t\t\t\t<div class=\"elementor-element elementor-element-96d2a0e elementor-invisible elementor-widget elementor-widget-heading\" data-id=\"96d2a0e\" data-element_type=\"widget\" data-e-type=\"widget\" data-settings=\"{&quot;_animation&quot;:&quot;fadeInLeft&quot;}\" data-widget_type=\"heading.default\">\n\t\t\t\t\t<h2 class=\"elementor-heading-title elementor-size-default\">Criminal defense with experience, rigor and commitment.<\/h2>\t\t\t\t<\/div>\n\t\t\t\t<div class=\"elementor-element elementor-element-6d97b77 elementor-invisible elementor-widget elementor-widget-text-editor\" data-id=\"6d97b77\" data-element_type=\"widget\" data-e-type=\"widget\" data-settings=\"{&quot;_animation&quot;:&quot;fadeInUp&quot;}\" data-widget_type=\"text-editor.default\">\n\t\t\t\t\t\t\t\t\t<p>30 years of experience<\/p>\t\t\t\t\t\t\t\t<\/div>\n\t\t\t\t<div class=\"elementor-element elementor-element-36244f6 elementor-widget elementor-widget-button\" data-id=\"36244f6\" data-element_type=\"widget\" data-e-type=\"widget\" data-widget_type=\"button.default\">\n\t\t\t\t\t\t\t\t\t\t<a class=\"elementor-button elementor-button-link elementor-size-sm\" href=\"tel:%20609%2005%2001%2061\">\n\t\t\t\t\t\t<span class=\"elementor-button-content-wrapper\">\n\t\t\t\t\t\t\t\t\t<span class=\"elementor-button-text\">24H EMERGENCY<\/span>\n\t\t\t\t\t<\/span>\n\t\t\t\t\t<\/a>\n\t\t\t\t\t\t\t\t<\/div>\n\t\t\t\t\t<\/div>\n\t\t\t\t<\/div>\n\t\t<div class=\"elementor-element elementor-element-d42ba53 e-flex e-con-boxed e-con e-parent\" data-id=\"d42ba53\" data-element_type=\"container\" data-e-type=\"container\" data-settings=\"{&quot;background_background&quot;:&quot;classic&quot;}\">\n\t\t\t\t\t<div class=\"e-con-inner\">\n\t\t<div class=\"elementor-element elementor-element-9288983 e-con-full e-flex e-con e-child\" data-id=\"9288983\" data-element_type=\"container\" data-e-type=\"container\">\n\t\t\t\t<div class=\"elementor-element elementor-element-f683736 elementor-widget elementor-widget-heading\" data-id=\"f683736\" data-element_type=\"widget\" data-e-type=\"widget\" data-widget_type=\"heading.default\">\n\t\t\t\t\t<h2 class=\"elementor-heading-title elementor-size-default\">About Us<\/h2>\t\t\t\t<\/div>\n\t\t\t\t<div class=\"elementor-element elementor-element-03de32c elementor-widget elementor-widget-text-editor\" data-id=\"03de32c\" data-element_type=\"widget\" data-e-type=\"widget\" data-widget_type=\"text-editor.default\">\n\t\t\t\t\t\t\t\t\t<p data-start=\"23\" data-end=\"317\">At Esan Abogados, based in Madrid, we are a law firm dedicated exclusively to Criminal Law with over 30 years of experience defending the rights of our clients. Our track record is marked by commitment, professionalism, and personalized attention in every case.<\/p><p data-start=\"319\" data-end=\"606\">We understand that facing criminal proceedings is a delicate and often distressing situation. That's why we offer a personal, clear, and honest approach, explaining each step of the process and designing the best defense or prosecution strategy tailored to each client's needs.<\/p><p data-start=\"608\" data-end=\"805\">Our philosophy is based on three pillars: experience, specialization, and total dedication. Each case is studied in depth, with legal rigor and absolute respect for confidentiality.<\/p>\t\t\t\t\t\t\t\t<\/div>\n\t\t\t\t<\/div>\n\t\t<div class=\"elementor-element elementor-element-3693bb8 e-con-full e-flex e-con e-child\" data-id=\"3693bb8\" data-element_type=\"container\" data-e-type=\"container\">\n\t\t\t\t<div class=\"elementor-element elementor-element-9f42cc2 elementor-widget elementor-widget-image\" data-id=\"9f42cc2\" data-element_type=\"widget\" data-e-type=\"widget\" data-widget_type=\"image.default\">\n\t\t\t\t\t\t\t\t\t\t\t\t\t\t\t<img fetchpriority=\"high\" decoding=\"async\" width=\"800\" height=\"500\" src=\"https:\/\/esanabogados.es\/wp-content\/uploads\/2026\/01\/10-1024x640.jpg\" class=\"attachment-large size-large wp-image-129\" alt=\"\" srcset=\"https:\/\/esanabogados.es\/wp-content\/uploads\/2026\/01\/10-1024x640.jpg 1024w, https:\/\/esanabogados.es\/wp-content\/uploads\/2026\/01\/10-300x188.jpg 300w, https:\/\/esanabogados.es\/wp-content\/uploads\/2026\/01\/10-768x480.jpg 768w, https:\/\/esanabogados.es\/wp-content\/uploads\/2026\/01\/10-1536x960.jpg 1536w, https:\/\/esanabogados.es\/wp-content\/uploads\/2026\/01\/10-18x12.jpg 18w, https:\/\/esanabogados.es\/wp-content\/uploads\/2026\/01\/10.jpg 1920w\" sizes=\"(max-width: 800px) 100vw, 800px\" \/>\t\t\t\t\t\t\t\t\t\t\t\t\t\t\t<\/div>\n\t\t\t\t<\/div>\n\t\t\t\t\t<\/div>\n\t\t\t\t<\/div>\n\t\t<div class=\"elementor-element elementor-element-12a440c e-flex e-con-boxed e-con e-parent\" data-id=\"12a440c\" data-element_type=\"container\" data-e-type=\"container\" data-settings=\"{&quot;background_background&quot;:&quot;classic&quot;}\">\n\t\t\t\t\t<div class=\"e-con-inner\">\n\t\t<div class=\"elementor-element elementor-element-9fa79b0 e-con-full e-flex e-con e-child\" data-id=\"9fa79b0\" data-element_type=\"container\" data-e-type=\"container\" data-settings=\"{&quot;background_background&quot;:&quot;classic&quot;}\">\n\t\t\t\t<div class=\"elementor-element elementor-element-3409ad7 elementor-widget elementor-widget-heading\" data-id=\"3409ad7\" data-element_type=\"widget\" data-e-type=\"widget\" data-widget_type=\"heading.default\">\n\t\t\t\t\t<h2 class=\"elementor-heading-title elementor-size-default\">Crimes against persons<\/h2>\t\t\t\t<\/div>\n\t\t\t\t<\/div>\n\t\t<div class=\"elementor-element elementor-element-6a2d378 e-con-full e-flex e-con e-child\" data-id=\"6a2d378\" data-element_type=\"container\" data-e-type=\"container\" data-settings=\"{&quot;background_background&quot;:&quot;classic&quot;}\">\n\t\t\t\t<div class=\"elementor-element elementor-element-f8b2894 elementor-widget elementor-widget-heading\" data-id=\"f8b2894\" data-element_type=\"widget\" data-e-type=\"widget\" data-widget_type=\"heading.default\">\n\t\t\t\t\t<h2 class=\"elementor-heading-title elementor-size-default\">Crimes against property<\/h2>\t\t\t\t<\/div>\n\t\t\t\t<\/div>\n\t\t<div class=\"elementor-element elementor-element-6a19e1f e-con-full e-flex e-con e-child\" data-id=\"6a19e1f\" data-element_type=\"container\" data-e-type=\"container\" data-settings=\"{&quot;background_background&quot;:&quot;classic&quot;}\">\n\t\t\t\t<div class=\"elementor-element elementor-element-6ff54bf elementor-widget elementor-widget-heading\" data-id=\"6ff54bf\" data-element_type=\"widget\" data-e-type=\"widget\" data-widget_type=\"heading.default\">\n\t\t\t\t\t<h2 class=\"elementor-heading-title elementor-size-default\">Crimes against public health<\/h2>\t\t\t\t<\/div>\n\t\t\t\t<\/div>\n\t\t<div class=\"elementor-element elementor-element-29cd445 e-con-full e-flex e-con e-child\" data-id=\"29cd445\" data-element_type=\"container\" data-e-type=\"container\" data-settings=\"{&quot;background_background&quot;:&quot;classic&quot;}\">\n\t\t\t\t<div class=\"elementor-element elementor-element-9159efa elementor-widget elementor-widget-heading\" data-id=\"9159efa\" data-element_type=\"widget\" data-e-type=\"widget\" data-widget_type=\"heading.default\">\n\t\t\t\t\t<h2 class=\"elementor-heading-title elementor-size-default\">Other crimes<\/h2>\t\t\t\t<\/div>\n\t\t\t\t<\/div>\n\t\t\t\t\t<\/div>\n\t\t\t\t<\/div>\n\t\t<div class=\"elementor-element elementor-element-c0d99c6 e-con-full e-flex e-con e-parent\" data-id=\"c0d99c6\" data-element_type=\"container\" data-e-type=\"container\" data-settings=\"{&quot;background_background&quot;:&quot;classic&quot;}\">\n\t\t\t\t<div class=\"elementor-element elementor-element-8ae650d elementor-cta--skin-cover elementor-widget__width-inherit elementor-animated-content elementor-bg-transform elementor-bg-transform-zoom-in elementor-widget elementor-widget-call-to-action\" data-id=\"8ae650d\" data-element_type=\"widget\" data-e-type=\"widget\" data-widget_type=\"call-to-action.default\">\n\t\t\t\t\t\t\t<div class=\"elementor-cta\">\n\t\t\t\t\t<div class=\"elementor-cta__bg-wrapper\">\n\t\t\t\t<div class=\"elementor-cta__bg elementor-bg\" style=\"background-image: url(https:\/\/esanabogados.es\/wp-content\/uploads\/2026\/01\/10700168-1024x276.jpg);\" role=\"img\" aria-label=\"10700168\"><\/div>\n\t\t\t\t<div class=\"elementor-cta__bg-overlay\"><\/div>\n\t\t\t<\/div>\n\t\t\t\t\t\t\t<div class=\"elementor-cta__content\">\n\t\t\t\t\n\t\t\t\t\t\t\t\t\t<h2 class=\"elementor-cta__title elementor-cta__content-item elementor-content-item elementor-animated-item--grow\">\n\t\t\t\t\t\tLegal assistance in all phases of the proceedings\t\t\t\t\t<\/h2>\n\t\t\t\t\n\t\t\t\t\t\t\t\t\t<div class=\"elementor-cta__description elementor-cta__content-item elementor-content-item elementor-animated-item--grow\">\n\t\t\t\t\t\tCriminal strategies tailored to each case\t\t\t\t\t<\/div>\n\t\t\t\t\n\t\t\t\t\t\t\t\t\t<div class=\"elementor-cta__button-wrapper elementor-cta__content-item elementor-content-item elementor-animated-item--grow\">\n\t\t\t\t\t<a class=\"elementor-cta__button elementor-button elementor-size-\" href=\"https:\/\/esanabogados.es\/en\/servicios\/\">\n\t\t\t\t\t\tSERVICES\t\t\t\t\t<\/a>\n\t\t\t\t\t<\/div>\n\t\t\t\t\t\t\t<\/div>\n\t\t\t\t\t\t<\/div>\n\t\t\t\t\t\t<\/div>\n\t\t\t\t<\/div>\n\t\t\t\t<\/div>","protected":false},"excerpt":{"rendered":"<p>Defensa penal con experiencia, rigor y compromiso. 30 a\u00f1os de experiencia URGENCIAS 24H Sobre Nosotros En Esan Abogados, con sede en Madrid, somos un despacho con dedicaci\u00f3n exclusiva al Derecho Penal y m\u00e1s de 30 a\u00f1os de experiencia defendiendo los derechos de nuestros clientes. Nuestra trayectoria est\u00e1 marcada por el compromiso, la seriedad y la [&hellip;]<\/p>\n","protected":false},"author":1,"featured_media":0,"parent":0,"menu_order":0,"comment_status":"closed","ping_status":"closed","template":"elementor_canvas","meta":{"footnotes":""},"class_list":["post-10","page","type-page","status-publish","hentry"],"yoast_head":"<!-- This site is optimized with the Yoast SEO plugin v27.3 - https:\/\/yoast.com\/product\/yoast-seo-wordpress\/ -->\n<title>Inicio - Esan Abogados<\/title>\n<meta name=\"robots\" content=\"index, follow, max-snippet:-1, max-image-preview:large, max-video-preview:-1\" \/>\n<link rel=\"canonical\" href=\"https:\/\/esanabogados.es\/en\/\" \/>\n<meta property=\"og:locale\" content=\"en_GB\" \/>\n<meta property=\"og:type\" content=\"article\" \/>\n<meta property=\"og:title\" content=\"Inicio - Esan Abogados\" \/>\n<meta property=\"og:description\" content=\"Defensa penal con experiencia, rigor y compromiso. 30 a\u00f1os de experiencia URGENCIAS 24H Sobre Nosotros En Esan Abogados, con sede en Madrid, somos un despacho con dedicaci\u00f3n exclusiva al Derecho Penal y m\u00e1s de 30 a\u00f1os de experiencia defendiendo los derechos de nuestros clientes. Nuestra trayectoria est\u00e1 marcada por el compromiso, la seriedad y la [&hellip;]\" \/>\n<meta property=\"og:url\" content=\"https:\/\/esanabogados.es\/en\/\" \/>\n<meta property=\"og:site_name\" content=\"Esan Abogados\" \/>\n<meta property=\"article:modified_time\" content=\"2026-01-22T08:43:30+00:00\" \/>\n<meta property=\"og:image\" content=\"https:\/\/esanabogados.es\/wp-content\/uploads\/2026\/01\/10-1024x640.jpg\" \/>\n<meta name=\"twitter:card\" content=\"summary_large_image\" \/>\n<meta name=\"twitter:label1\" content=\"Estimated reading time\" \/>\n\t<meta name=\"twitter:data1\" content=\"1 minute\" \/>\n<script type=\"application\/ld+json\" class=\"yoast-schema-graph\">{\"@context\":\"https:\\\/\\\/schema.org\",\"@graph\":[{\"@type\":\"WebPage\",\"@id\":\"https:\\\/\\\/esanabogados.es\\\/\",\"url\":\"https:\\\/\\\/esanabogados.es\\\/\",\"name\":\"Inicio - Esan Abogados\",\"isPartOf\":{\"@id\":\"https:\\\/\\\/esanabogados.es\\\/#website\"},\"primaryImageOfPage\":{\"@id\":\"https:\\\/\\\/esanabogados.es\\\/#primaryimage\"},\"image\":{\"@id\":\"https:\\\/\\\/esanabogados.es\\\/#primaryimage\"},\"thumbnailUrl\":\"https:\\\/\\\/esanabogados.es\\\/wp-content\\\/uploads\\\/2026\\\/01\\\/10-1024x640.jpg\",\"datePublished\":\"2026-01-21T12:04:40+00:00\",\"dateModified\":\"2026-01-22T08:43:30+00:00\",\"breadcrumb\":{\"@id\":\"https:\\\/\\\/esanabogados.es\\\/#breadcrumb\"},\"inLanguage\":\"en-GB\",\"potentialAction\":[{\"@type\":\"ReadAction\",\"target\":[\"https:\\\/\\\/esanabogados.es\\\/\"]}]},{\"@type\":\"ImageObject\",\"inLanguage\":\"en-GB\",\"@id\":\"https:\\\/\\\/esanabogados.es\\\/#primaryimage\",\"url\":\"https:\\\/\\\/esanabogados.es\\\/wp-content\\\/uploads\\\/2026\\\/01\\\/10-1024x640.jpg\",\"contentUrl\":\"https:\\\/\\\/esanabogados.es\\\/wp-content\\\/uploads\\\/2026\\\/01\\\/10-1024x640.jpg\"},{\"@type\":\"BreadcrumbList\",\"@id\":\"https:\\\/\\\/esanabogados.es\\\/#breadcrumb\",\"itemListElement\":[{\"@type\":\"ListItem\",\"position\":1,\"name\":\"Portada\",\"item\":\"https:\\\/\\\/esanabogados.es\\\/\"},{\"@type\":\"ListItem\",\"position\":2,\"name\":\"Inicio\"}]},{\"@type\":\"WebSite\",\"@id\":\"https:\\\/\\\/esanabogados.es\\\/#website\",\"url\":\"https:\\\/\\\/esanabogados.es\\\/\",\"name\":\"Esan Abogados\",\"description\":\"Despacho de Abogados\",\"publisher\":{\"@id\":\"https:\\\/\\\/esanabogados.es\\\/#organization\"},\"potentialAction\":[{\"@type\":\"SearchAction\",\"target\":{\"@type\":\"EntryPoint\",\"urlTemplate\":\"https:\\\/\\\/esanabogados.es\\\/?s={search_term_string}\"},\"query-input\":{\"@type\":\"PropertyValueSpecification\",\"valueRequired\":true,\"valueName\":\"search_term_string\"}}],\"inLanguage\":\"en-GB\"},{\"@type\":\"Organization\",\"@id\":\"https:\\\/\\\/esanabogados.es\\\/#organization\",\"name\":\"Esan Abogados\",\"url\":\"https:\\\/\\\/esanabogados.es\\\/\",\"logo\":{\"@type\":\"ImageObject\",\"inLanguage\":\"en-GB\",\"@id\":\"https:\\\/\\\/esanabogados.es\\\/#\\\/schema\\\/logo\\\/image\\\/\",\"url\":\"https:\\\/\\\/esanabogados.es\\\/wp-content\\\/uploads\\\/2026\\\/01\\\/cropped-laparadazunilda.png\",\"contentUrl\":\"https:\\\/\\\/esanabogados.es\\\/wp-content\\\/uploads\\\/2026\\\/01\\\/cropped-laparadazunilda.png\",\"width\":576,\"height\":228,\"caption\":\"Esan Abogados\"},\"image\":{\"@id\":\"https:\\\/\\\/esanabogados.es\\\/#\\\/schema\\\/logo\\\/image\\\/\"}}]}<\/script>\n<!-- \/ Yoast SEO plugin. -->","yoast_head_json":{"title":"Inicio - Esan Abogados","robots":{"index":"index","follow":"follow","max-snippet":"max-snippet:-1","max-image-preview":"max-image-preview:large","max-video-preview":"max-video-preview:-1"},"canonical":"https:\/\/esanabogados.es\/en\/","og_locale":"en_GB","og_type":"article","og_title":"Inicio - Esan Abogados","og_description":"Defensa penal con experiencia, rigor y compromiso. 30 a\u00f1os de experiencia URGENCIAS 24H Sobre Nosotros En Esan Abogados, con sede en Madrid, somos un despacho con dedicaci\u00f3n exclusiva al Derecho Penal y m\u00e1s de 30 a\u00f1os de experiencia defendiendo los derechos de nuestros clientes. Nuestra trayectoria est\u00e1 marcada por el compromiso, la seriedad y la [&hellip;]","og_url":"https:\/\/esanabogados.es\/en\/","og_site_name":"Esan Abogados","article_modified_time":"2026-01-22T08:43:30+00:00","og_image":[{"url":"https:\/\/esanabogados.es\/wp-content\/uploads\/2026\/01\/10-1024x640.jpg","type":"","width":"","height":""}],"twitter_card":"summary_large_image","twitter_misc":{"Estimated reading time":"1 minute"},"schema":{"@context":"https:\/\/schema.org","@graph":[{"@type":"WebPage","@id":"https:\/\/esanabogados.es\/","url":"https:\/\/esanabogados.es\/","name":"Inicio - Esan Abogados","isPartOf":{"@id":"https:\/\/esanabogados.es\/#website"},"primaryImageOfPage":{"@id":"https:\/\/esanabogados.es\/#primaryimage"},"image":{"@id":"https:\/\/esanabogados.es\/#primaryimage"},"thumbnailUrl":"https:\/\/esanabogados.es\/wp-content\/uploads\/2026\/01\/10-1024x640.jpg","datePublished":"2026-01-21T12:04:40+00:00","dateModified":"2026-01-22T08:43:30+00:00","breadcrumb":{"@id":"https:\/\/esanabogados.es\/#breadcrumb"},"inLanguage":"en-GB","potentialAction":[{"@type":"ReadAction","target":["https:\/\/esanabogados.es\/"]}]},{"@type":"ImageObject","inLanguage":"en-GB","@id":"https:\/\/esanabogados.es\/#primaryimage","url":"https:\/\/esanabogados.es\/wp-content\/uploads\/2026\/01\/10-1024x640.jpg","contentUrl":"https:\/\/esanabogados.es\/wp-content\/uploads\/2026\/01\/10-1024x640.jpg"},{"@type":"BreadcrumbList","@id":"https:\/\/esanabogados.es\/#breadcrumb","itemListElement":[{"@type":"ListItem","position":1,"name":"Portada","item":"https:\/\/esanabogados.es\/"},{"@type":"ListItem","position":2,"name":"Inicio"}]},{"@type":"WebSite","@id":"https:\/\/esanabogados.es\/#website","url":"https:\/\/esanabogados.es\/","name":"Esan Abogados","description":"Despacho de Abogados","publisher":{"@id":"https:\/\/esanabogados.es\/#organization"},"potentialAction":[{"@type":"SearchAction","target":{"@type":"EntryPoint","urlTemplate":"https:\/\/esanabogados.es\/?s={search_term_string}"},"query-input":{"@type":"PropertyValueSpecification","valueRequired":true,"valueName":"search_term_string"}}],"inLanguage":"en-GB"},{"@type":"Organization","@id":"https:\/\/esanabogados.es\/#organization","name":"Esan Abogados","url":"https:\/\/esanabogados.es\/","logo":{"@type":"ImageObject","inLanguage":"en-GB","@id":"https:\/\/esanabogados.es\/#\/schema\/logo\/image\/","url":"https:\/\/esanabogados.es\/wp-content\/uploads\/2026\/01\/cropped-laparadazunilda.png","contentUrl":"https:\/\/esanabogados.es\/wp-content\/uploads\/2026\/01\/cropped-laparadazunilda.png","width":576,"height":228,"caption":"Esan Abogados"},"image":{"@id":"https:\/\/esanabogados.es\/#\/schema\/logo\/image\/"}}]}},"_links":{"self":[{"href":"https:\/\/esanabogados.es\/en\/wp-json\/wp\/v2\/pages\/10","targetHints":{"allow":["GET"]}}],"collection":[{"href":"https:\/\/esanabogados.es\/en\/wp-json\/wp\/v2\/pages"}],"about":[{"href":"https:\/\/esanabogados.es\/en\/wp-json\/wp\/v2\/types\/page"}],"author":[{"embeddable":true,"href":"https:\/\/esanabogados.es\/en\/wp-json\/wp\/v2\/users\/1"}],"replies":[{"embeddable":true,"href":"https:\/\/esanabogados.es\/en\/wp-json\/wp\/v2\/comments?post=10"}],"version-history":[{"count":70,"href":"https:\/\/esanabogados.es\/en\/wp-json\/wp\/v2\/pages\/10\/revisions"}],"predecessor-version":[{"id":224,"href":"https:\/\/esanabogados.es\/en\/wp-json\/wp\/v2\/pages\/10\/revisions\/224"}],"wp:attachment":[{"href":"https:\/\/esanabogados.es\/en\/wp-json\/wp\/v2\/media?parent=10"}],"curies":[{"name":"wp","href":"https:\/\/api.w.org\/{rel}","templated":true}]}}